{"id":2117,"date":"2011-10-17T16:35:38","date_gmt":"2011-10-17T14:35:38","guid":{"rendered":"http:\/\/www.pocox.hu\/pocox\/?page_id=2117"},"modified":"2012-06-19T17:18:00","modified_gmt":"2012-06-19T15:18:00","slug":"horkak","status":"publish","type":"page","link":"https:\/\/www.pocox.hu\/pocox\/horkak\/","title":{"rendered":"Hork\u00e1k"},"content":{"rendered":"<p><a href=\"http:\/\/www.pocox.hu\/pocox\/wp-content\/uploads\/horkakbanner.jpg\"><img loading=\"lazy\" decoding=\"async\" title=\"horkakbanner\" src=\"http:\/\/www.pocox.hu\/pocox\/wp-content\/uploads\/horkakbanner.jpg\" alt=\"\" width=\"734\" height=\"241\" \/><\/a><\/p>\n<p><strong>A Hork\u00e1k Auer G\u00e1bor \u00e9s R\u00e1cz Gyula &#8222;horkant\u00e1saib\u00f3l&#8221; gy\u0171ltek \u00f6ssze, hossz\u00fa hossz\u00fa \u00e9vek kem\u00e9ny munk\u00e1j\u00e1nak gy\u00fcm\u00f6lcsek\u00e9nt, \u00e9s m\u00e9g mostan\u00e1ban is&#8230;<\/strong><\/p>\n<p style=\"text-align: center;\">Ahonnan j\u00f6tt\u00fcnk<br \/>\nOda jutunk majd el<br \/>\nNincsen id\u0151 \u00e9s nincs is igazi c\u00e9l<br \/>\nMegl\u00e1tod majd ha \u00f6sszeb\u00fajunk<br \/>\nHogy milyen sz\u00e9p is ez<br \/>\nMilyen igaz is egyben,<br \/>\nNincsen f\u00e9nyem<br \/>\nNem &#8222;vil\u00e1gszom&#8221;<br \/>\nNem is b\u00e1nom<br \/>\nNem is v\u00e1rom<br \/>\nAhonnan j\u00f6tt\u00fcnk<br \/>\n\u00dagyis oda jutunk majd vissza<br \/>\nEgy\u00fctt, k\u00e9zen fogva<br \/>\nA paradicsomba<br \/>\n\u00c9s majd megl\u00e1tszik rajtunk<br \/>\nHogy sokat tanultunk<br \/>\n\u00c9s \u00fcgyesen n\u00e9z\u00fcnk majd a l\u00e9tbe<br \/>\nEgyenesen a szem\u00e9be<br \/>\n\u00c9s &#8222;megvil\u00e1gszunk&#8221;<br \/>\nOtt majd nagyon is<br \/>\nl\u00e1tszunk<br \/>\nVeled egy\u00fctt kettesben<br \/>\nAddig is az \u00e9ltem<br \/>\nNem mondhatom<br \/>\nhogy kontroll\u00e1lom<br \/>\nNem is v\u00e1rom<br \/>\nNem is v\u00e1gyom<br \/>\n\u00c9s k\u00e9rlek ha sz\u00e9t t\u00e9pne az ideg<br \/>\nVagy a s\u00edr\u00e1s fogna fel<br \/>\nA zuhan\u00e1sb\u00f3l v\u00e9gleg<br \/>\nMegmenek\u00fclsz \u00e9rzem<br \/>\n\u00c9s meg\u00e9rem, hogy<br \/>\nAz \u00e1cs<br \/>\nMajd megbocs\u00e1jt,<br \/>\nminek\u00fcnk!<br \/>\nGy.<\/p>\n<p style=\"text-align: center;\">D\u00fadolgat halkan \u00e9s morajt kavar a sz\u00e9l<br \/>\nkorokon t\u0171n\u00f6k \u00e1t \u00e9s b\u00fagja sz\u00edvem a t\u00e9l<br \/>\nl\u00e1tszom n\u00e9ha helyeken<br \/>\n\u00e9s t\u00fckr\u00f6z\u0151d\u00f6m f\u00e9rfi szemeken:<br \/>\nhasadok.<br \/>\nP\u00e1r\u00e1m k\u00f6nnyen oszlik tova<br \/>\nPedig tapadn\u00e9k ak\u00e1r nedves h\u00e1zfal karcolatba<br \/>\nha v\u00e9gre h\u0171 \u00e9rtelmet kapna a l\u00e9tem,<br \/>\nmaradn\u00e9k veled<br \/>\nha v\u00e9gre meg\u00e9rthetn\u00e9m<br \/>\n\u00e9s sz\u00f3lna a sz\u00edvem,<br \/>\nhogy kinek f\u00e9lthetn\u00e9m.<br \/>\nNincsen hangom most, hogy sz\u00f3ljak<br \/>\nelvesz\u00edtett s\u00edr\u00e1som k\u00f6nnyein \u00fasznak<br \/>\ngondolatok;<br \/>\nakadnak szell\u0151horgomra b\u00fas pillang\u00f3 pillanatok<br \/>\n\u00e9s ha l\u00e1tlak is b\u00e1r nem vagy m\u00e1r eny\u00e9m,<br \/>\ntal\u00e1n nem is volt\u00e1l \u00e9s tal\u00e1n nem is lehett\u00e9l<br \/>\nm\u00e9gis, szemem k\u00f6r\u00e9 \u00e1lomtengely g\u00f6rb\u00fcl<br \/>\ntiszta h\u0171s illat magzatburka g\u00f6rd\u00fcl<br \/>\n\u00e9s reped szil\u00e1nkokra, ahogy sz\u00fcletik egy szellem<br \/>\nitt, \u00e9rzem, igen itt, bennem&#8230;<br \/>\nGy.<\/p>\n<p style=\"text-align: center;\">Derekam hajl\u00edtva sz\u00e9llel<br \/>\n\u00e9s \u00edgy sz\u00e1moltam t\u00f6bbet mi f\u00e1jdalmas<br \/>\nak\u00e1r ha n\u00e9zett is<br \/>\n\u00e9n v\u00e1gytam mar\u00f3 k\u00e9kkel \u00e9g\u0151t l\u00e1tni<br \/>\ntudv\u00e1n m\u00e9rges lev\u00e9len g\u00f6rd\u00fcl le cseppje<br \/>\n\u00e9s d\u0151ltem repedve halkan<br \/>\nmint ahogy a sz\u00e9knek l\u00e1ba kiszakad<br \/>\nm\u00e9g s\u00e1ros talppal de fesz\u00fclve \u00e9gnek<br \/>\nrem\u00e9lve b\u0171ntelen v\u00e1rom<br \/>\nhogy markomban \u00e9gjen magva \u00e9s n\u0151j\u00f6n&#8230;<br \/>\nG.<\/p>\n<p style=\"text-align: center;\">Megs\u00e1rgult pergamenb\u0151l bontotta ki,<br \/>\nkavarva por\u00f6rv\u00e9nyt neh\u00e9z s\u00f3hajjal<br \/>\nmondta:<br \/>\nitt vagyok \u00fajra, \u00e9reztem r\u00e1m ismersz<br \/>\ntudod egy\u00fctt \u00e1lmodjuk majd megint<br \/>\nf\u00e1radt holnapunk.<br \/>\n\u00e9s l\u00e9pett veretes fed\u00e9lr\u0151l \u00f6lel\u0151 f\u00e9nykoszor\u00fara&#8230;<br \/>\nG.<\/p>\n<p style=\"text-align: center;\">Lomha b\u0151rp\u00edr duzzadt hajnal horizontj\u00e1n,<br \/>\nhomlokomon g\u00f6rd\u00fcl,<br \/>\naraszom ny\u00fajtja&#8230;<br \/>\nL\u00e9pj h\u00e1t \u00fajra, messze m\u00e9g a c\u00e9l,<br \/>\ntal\u00e1n m\u00e9rt\u00e9k is az, mit most \u00e1t\u00e9rsz<br \/>\ns \u00e9rt\u00e9k volt,<br \/>\nmi most izzadt teny\u00e9rbe v\u00e9sz!<br \/>\nNem t\u00f6bb mint izzadt h\u00fas,<br \/>\nk\u00ednod, k\u00edv\u00e1nj h\u00e1t m\u00e1st,<br \/>\ns ha \u00e9ppen r\u00e1m ereszkedsz<br \/>\neszm\u00e9lj fel,<br \/>\ns remeg\u0151 s\u00f3hajon ha \u00e1tl\u00e9psz<br \/>\nismerd meg a bolyg\u00f3hal\u00e1l minden \u00edz\u00e9t..<br \/>\nG.<\/p>\n<p style=\"text-align: center;\">Tudom, \u00e9les penge has\u00edt,<br \/>\nha nem l\u00e1tsz<br \/>\n\u00e9s \u00e9n \u00fagy \u00e9rintlek,<br \/>\ncsak v\u00e9rgy\u00f6ngy\u00f6k t\u00fckr\u00f6n g\u00f6rd\u00fclnek&#8230;<br \/>\nne f\u00e9lj, holnap majd a hasadra \u00edrok<br \/>\npuha sz\u00e1mmal cs\u00f3kokat!<br \/>\nG.<\/p>\n<p style=\"text-align: center;\">Ha m\u00e1r nem \u00fagy csiszol sz\u00e9l,<br \/>\nmint k\u00f6vet zuhog\u00f3 v\u00edz,<br \/>\nhanem mar \u00e9les t\u00fcske,<br \/>\nb\u0151rt t\u00e9pve fel sietve,<br \/>\nhogy serkenjen v\u00e9r,<br \/>\nakkor sz\u00e1lln\u00e9k fel<br \/>\n\u00e9g h\u00e1t\u00e1ra vetve kisz\u00e1radt talpam,<br \/>\nhogy a felh\u0151k f\u00f6l\u00f6tt \u00fcv\u00f6ltsek,<br \/>\n\u00fcv\u00f6ltsek \u00fcres markomba.<br \/>\nG.<\/p>\n<p style=\"text-align: center;\">Bez\u00e1rtam mind;<br \/>\nfeledett lelkemb\u0151l s\u0171r\u0171s\u00f6d\u00f6tt kivet\u00fcl\u00e9s,<br \/>\nizzadt hajnalon t\u00e1masztott elm\u00e9let,<br \/>\nf\u00fclledt mag\u00e1nyom t\u00e9velyg\u0151 l\u00e9p\u00e9sei,<br \/>\nhangtalan kavarg\u00f3 viaszos csend,<br \/>\nneh\u00e9z pill\u00e1val kevert nyugtalan \u00e1lom,<br \/>\nez\u00fcstb\u0151l repesztett hamis \u00f6nt\u0151forma ,<br \/>\nelz\u00e1rtam mind;<br \/>\n\u00e9vek, lomha szirupba mer\u00fcl\u0151 ikr\u00e1i,<br \/>\npercek, feledni v\u00e1r\u00f3 eml\u00e9kei,<br \/>\nr\u00e1z\u00e1rtam mind;<br \/>\nbord\u00f3 b\u00e1rsonyh\u00e1rty\u00e1t vesz\u00edtve<br \/>\n\u00e9s kulcs\u00e1t most nektek adom !<br \/>\nG.<\/p>\n<p style=\"text-align: center;\">Hideg k\u00f6v\u00f6n kuporg\u00f3,<br \/>\ns\u00f6t\u00e9t szem\u00fcveg m\u00f6g\u00fcl kacsint\u00f3,<br \/>\nvak koldus vagyok,<br \/>\nkalapom poros m\u00e9ly\u00e9n,<br \/>\nn\u00e9h\u00e1ny er\u0151tlen \u00e9rint\u00e9s&#8230;<br \/>\nG.<\/p>\n<p style=\"text-align: center;\">M\u00e1s az \u00edzl\u00e9s,<br \/>\ntal\u00e1n ugyanaz az \u00edz,<br \/>\n\u00edgy k\u00f6zt\u00fcnk s\u00fcv\u00f6lt\u0151 csendk\u00fcrt s f\u00fajjuk,<br \/>\nmint ahogy f\u00fcgg\u00f6ny\u00f6n a r\u00e9s<br \/>\nf\u00e1jdalmast has\u00edt el\u0151sz\u00f6r&#8230;<br \/>\nG.<\/p>\n<p style=\"text-align: center;\">Mint lev\u00e9l fon\u00e1kj\u00e1n a dagad\u00f3 v\u00edzcsepp,<br \/>\nnem tudva mi igazabb,<br \/>\nmeg\u00fclve v\u00e1rni,<br \/>\npend\u00edtve k\u00f6nny\u0171 sz\u00e1lat,<br \/>\nvagy zuhan\u00f3 perceket sz\u00e1molva<br \/>\nismerni meg a v\u00e9gtelent !<br \/>\nG.<\/p>\n<p style=\"text-align: center;\">Nap,<br \/>\nha a szem vakon \u00e9rintve<br \/>\nalm\u00e1t f\u00e1j\u00e1r\u00f3l szak\u00edt,<br \/>\nCsillag,<br \/>\nha a gondolat \u00e9les peng\u00e9j\u00e9vel<br \/>\nbenne szalad&#8230;<br \/>\nG.<\/p>\n<p style=\"text-align: center;\">Ha l\u00e1tod a h\u00e1zat,<br \/>\nradi\u00e1tor cserzett s\u00e1padt m\u00e9szarc\u00e1val,<br \/>\nahogy g\u0151g\u00f6sen tapos nyirkos pincebog\u00e1rra,<br \/>\naz udvart,<br \/>\nk\u00edv\u00e1ncsi sz\u00e9lkarm\u00e1val,<br \/>\namint sarokb\u00f3l is kis\u00f6pri<br \/>\nporgubacsban szusszan\u00f3 leheletem<br \/>\n\u00e9s a f\u00e1t<br \/>\n\u00e1g\u00e1t ny\u00fajtv\u00e1n szikr\u00e1z\u00f3 napisten fel\u00e9,<br \/>\nnem t\u0171rve \u00e1rny\u00e9kot,<br \/>\nnyugv\u00f3 moha\u00e1lmot<br \/>\nott \u00e9ltem \u00e9n: h\u00e1z udvar fa,<br \/>\nmint hajba csimpaszkod\u00f3 f\u00fcstszag,<br \/>\nott voltam mind<br \/>\np\u00f3kh\u00e1l\u00f3 sz\u0171rte \u00e1rnyak,<br \/>\nreped\u00e9sekbe gy\u0171rt v\u00e1gyfoszl\u00e1nyok,<br \/>\nmiv\u00e9 lettem, \u00f3,<br \/>\nim\u00e1ra \u00f6sszetett kezek k\u00f6z\u00f6tt:<br \/>\na sikolt\u00f3 l\u00e9g&#8230;<br \/>\nG.<\/p>\n<p style=\"text-align: center;\">Azt mondod, kem\u00e9ny vagyok,<br \/>\nb\u0151rk\u00f6t\u00e9nyben, s\u00falyos p\u00f6r\u00f6llyel kezemben,<br \/>\npedig ha l\u00e1tn\u00e1d a szikl\u00e1ba faragott<br \/>\nk\u0151csipke-bimb\u00f3kat&#8230;<br \/>\nG.<\/p>\n<p style=\"text-align: center;\">Az id\u0151 &#8211; ha m\u00e9g nem tudn\u00e1d &#8211;<br \/>\nEgy olyan szerkezet,<br \/>\nmely energia befektet\u00e9se n\u00e9lk\u00fcl \u00f6r\u00f6kk\u00e9 pereg<br \/>\n(perpeetum mobile)<br \/>\nDe ki fejti meg?<br \/>\nGy.<\/p>\n<p style=\"text-align: center;\">Olyan szinten m\u00e1r<br \/>\nahol a csend is zen\u00e9t szerez,<br \/>\n\u00e1llj meg egy kicsit,<br \/>\nott valahol,<br \/>\nval\u00f3sz\u00edn\u0171leg,<br \/>\n\u00e1lomt\u00fcnd\u00e9rek \u00e9nekelnek,<br \/>\nel ne feledd !<br \/>\nGy.<\/p>\n<p style=\"text-align: center;\">Ellen\u0151rz\u00e9sk\u00e9nt h\u00e1rom sz\u00f3:<br \/>\na n\u0151 a f\u00e9rfi \u00e9s a mu(\u00fa)lattat\u00f3.<br \/>\nGy.<\/p>\n<p style=\"text-align: center;\">El lehet menni egyes dolgok mellett,<br \/>\nMeg sem hallani,<br \/>\nfel\u00fclemelkedni,<br \/>\nDe az ember, sajnos, nem \u00edgy fog tenni&#8230;<br \/>\nGy.<\/p>\n<p style=\"text-align: center;\">Sz\u00e9tfolyik \u00e9s rezeg, anyag a testben,<br \/>\nf\u0171vel szemben b\u00e1bozik csak \u00e9rzed, az agyad,<br \/>\nfog kezet \u00e9s veled halad,<br \/>\ngyorsul most szalad,<br \/>\nB\u00e1r lass\u00edtod a jelent,<br \/>\nneked most is csak<br \/>\nszikramosolyt jelent !<br \/>\nGy.<\/p>\n<p style=\"text-align: center;\">G\u00f6rd\u00fcl \u00fcveghalomba<br \/>\nfeny\u0151t mer\u00edt d\u00edszbe<br \/>\nhavat hurcol dombb\u00e1<br \/>\nkoszos v\u00e1rosr\u00e9szbe,<br \/>\nbele eszik itt is, ott is a levesbe<br \/>\n\u00e9s kereszt\u00fcl h\u00faz majd egy m\u00e1sik \u00e9vezredbe.<br \/>\nGy.<\/p>\n<p style=\"text-align: center;\">Ki\u00e1lt most a sz\u00e9l \u00e9s v\u00e9n\u00e1t has\u00edt ki testemb\u0151l<br \/>\n\u00e9s \u00f6sszegy\u0171r a b\u00e1nat \u00e9s hal\u00e1l dalol bel\u00fcl<br \/>\n\u00e9s rem\u00e9nyt morzsol k\u00f6nny\u00e9, benne minden cseppje v\u00e9r,<br \/>\na t\u00e1lba v\u00e9sett szavak v\u00edzalj\u00e1n \u00edg\u00e9r.<br \/>\nHull\u00e1mszavak fodros, rendezetlen sorban,<br \/>\nmeginn\u00e1d ha tudn\u00e1d, m\u00falt-harmatb\u00f3l szoptam?<br \/>\nVagy elhaj\u00edtn\u00e1d messze, el az etet\u0151t\u0151l<br \/>\n\u00e9s eldaloln\u00e1d azt\u00e1n, mit sz\u00edved b\u00edr er\u0151b\u0151l?<br \/>\nGy.<\/p>\n<p style=\"text-align: center;\">Tudnod kell, hogy ez ilyen,<br \/>\na hit ha el\u00e9r v\u00e1lladon megpihen<br \/>\n\u00e9s ha mozdul is, mozdulatlan,<br \/>\ncsak a k\u00e9tely k\u00f6t szemet<br \/>\nmely hit sz\u00e1rnyon suhan.<br \/>\nGy.<\/p>\n<p style=\"text-align: center;\">L\u00e1ttam \u0150t ott v\u00e1rt, p\u00e9nzt sz\u00f3rt sz\u00e9t,<br \/>\nKoszos p\u00e9nzen kapott f\u00e9lre\u00e9rtett l\u00e9t.<br \/>\nMegpuh\u00edtott combok<br \/>\nfolt a v\u00e1llon teng,<br \/>\nrep\u00fclne, de v\u00e1gyban,<br \/>\nvasalt sz\u00f6ges \u00e1gyban,<br \/>\n\u00e9rdes p\u00e1rna t\u00e1lban,<br \/>\nNem kir\u00e1lyn\u0151 \u0150, hamis Anna-b\u00e1lban.<br \/>\nGy.<\/p>\n<p style=\"text-align: center;\">Benne a l\u00e9t s a v\u00e1lasz a kez\u00e9ben,<br \/>\nvagy benne a v\u00e1lasz \u00e9s kez\u00e9ben l\u00e9t pihen? \u2013<br \/>\nSejteni j\u00f3 mert ad\u00f3dhat \u00fagy,<br \/>\nhogy meg\u00e9rintve hasa b\u00e1r f\u00e9m,<br \/>\nde nem a p\u00e1nc\u00e9l mit r\u00e1adtak s csak \u00fagy visel egy r\u00e9m!<br \/>\nGy.<\/p>\n<p style=\"text-align: center;\">Ha bord\u00e1n tal\u00e1l majd, mint sz\u00edvet egy sz\u00f3,<br \/>\negy sz\u00f3 mi kimondva is j\u00f3,<br \/>\nha el\u00e9d \u00e1ll \u00e9s nevet,<br \/>\nelhagy, m\u00e9gis szeret,<br \/>\nakkor ragadd meg kezed \u00e9s dobd magad a Napba,<br \/>\nvagy szedegesd l\u00e9ted s\u00e1rkupac halomba&#8230;<br \/>\nGy.<\/p>\n<p style=\"text-align: center;\">Egy\u00e9 v\u00e1lik a vid\u00e9k a szemmel<br \/>\n\u00e9s t\u00e9rd\u00e9t hajtja havas mellemre,<br \/>\nelf\u00e9r\u00fcnk mi ketten itt,<br \/>\nnyugodt lomha bar\u00e1tom<br \/>\n\u00e9s te, \u00e9rz\u00e9ketlen hideg testem,<br \/>\nvajon zen\u00e9lsz-e, ha m\u00e1r nem lesz\u00fcnk?<br \/>\nGy.<\/p>\n<p style=\"text-align: center;\">Ablakra kente h\u00f3b\u00f3l a jelet,<br \/>\nBenevetett.<br \/>\nA t\u0171zn\u00e9l sem mentem messzebb,<br \/>\nnem ellenkezett.<br \/>\nMeg\u00e9rtett minden sz\u00f3t,<br \/>\nvagy csak \u00fagy tett, valahogy \u00fagy dorombolt<br \/>\n\u00e9s szeretett.<br \/>\nVele minden f\u00e9nyt ment\u0151\u00f6vk\u00e9nt adott,<br \/>\n\u00f6l\u00e9t is adta \u00e9s haj\u00e1t is t\u00farta,<br \/>\nteste eml\u00e9kk\u00e9pe most festve mulattatott.<br \/>\nGy.<\/p>\n<p style=\"text-align: center;\">Hamuba fojtott l\u00e1ng,<br \/>\nf\u00fcst \u00e9s keser\u0171 oxig\u00e9n,<br \/>\najkad k\u00f6z\u00e9 veszed, kelted<br \/>\n\u00e9s \u00fajra \u00e9letre benned<br \/>\n\u00e9bred, kezed ujjai k\u00f6z\u00f6tt<br \/>\nSzorulva, hamuk\u00e9nt<br \/>\nfolytatva, semmiv\u00e9 k\u00f6sz\u00f6n.<br \/>\nGy.<\/p>\n<p style=\"text-align: center;\">Vide\u00f3 meg hang meg f\u00e9nyek fala f\u00e1raszt,<br \/>\nadok nekik egy l\u00e9nyt<br \/>\nmit testem agya \u00e1raszt,<br \/>\nel\u00e9j\u00fck \u00e1llok itt, l\u00e9pjetek k\u00f6zelebb!<br \/>\nVagy falak k\u00f6z\u00f6tt \u00e1llva senki sem k\u00f6zeleg?<br \/>\nGy.<\/p>\n<p style=\"text-align: center;\">Rakjatok r\u00e1m minden v\u00edzzel telt v\u00f6dr\u00f6t<br \/>\n\u00e9s igyatok!<br \/>\nMinden forr\u00f3 ed\u00e9nyt, mi tele<br \/>\nS egyetek bel\u0151le!<br \/>\n\u00c9gessetek t\u00fczet, n\u00e9zz\u00e9tek, vigadjatok!<br \/>\nLe sem tagadn\u00e1tok, hogy emberek vagytok.<br \/>\nMinek v\u00e9dekezzetek ?<br \/>\n(Teremt\u0151t\u00f6k aligha tiszta elm\u00e9j\u00e9r\u0151l k\u00e9rdezek!)<br \/>\nGy.<\/p>\n<p style=\"text-align: center;\">\u00c9n nem a tejfeh\u00e9r fogaid miatt szeretlek,<br \/>\nb\u00e1r ha most jobban szem\u00fcgyre veszem a tegnap v\u00e9lt veszeked\u00e9s<br \/>\nmosolyt emel r\u00e1juk,<br \/>\nemelek mosolyt r\u00e1juk !<br \/>\nJ\u00e1tszol,<br \/>\nh\u00e1t szeretlek !<br \/>\nGy.<\/p>\n<p style=\"text-align: center;\">Pinceszagban n\u0151tt egy szirom,<br \/>\nLeszak\u00edtsam..?<br \/>\nInk\u00e1bb hagyom,<br \/>\nMegszagolni sincsen jogom..<br \/>\nGy.<\/p>\n<p style=\"text-align: center;\">Nem kell gondolnod n\u00e9ha \u00fagy,<br \/>\nnem kell, hogy teret g\u00f6rb\u00edtsen hamis b\u00fad,<br \/>\nnem kell, hogy halld, hogy bimb\u00f3ja b\u00fag,<br \/>\naz \u00fajnak t\u00e9l-feh\u00e9r fal\u00e1n tovaz\u00fag,<br \/>\nv\u00e1rd meg a reggelt<br \/>\n\u00e9s hidd hogy este van,<br \/>\nvagy t\u00e9gy amit akarsz, \u00fagyis rendben van..<br \/>\nGy.<\/p>\n<p style=\"text-align: center;\">Szerelmed volt egy v\u00e1lasz az \u00e1gyban<br \/>\nSzerelmed az mit legjobban megut\u00e1ltam<br \/>\nSzerelmed volt egy v\u00e1lasz az \u00e1gyban<br \/>\nSzerelmed volt mit megett\u00e9l eb\u00e9dre<br \/>\nSzerelmed kihamvadt t\u00f3 fenek\u00e9re<br \/>\nSzerelmed volt mit megett\u00e9l eb\u00e9dre<br \/>\n&#8230;<br \/>\nSzerelmed szerelme egy\u00fctt odah\u00e1nytam<br \/>\nGy.<\/p>\n<p style=\"text-align: center;\">Feszes dalia,<br \/>\nKeze izmos, arca merev,<br \/>\nTal\u00e1n m\u00e9rges ?<br \/>\nVagy csak valaki megmutatta neki:<br \/>\nKedves emberfajta,<br \/>\nIlyennek kell l\u00e1tszani&#8230;<br \/>\nGy.<\/p>\n<p style=\"text-align: center;\">M\u00e9sztornyot emeltem a kertemben,<br \/>\nBez\u00e1rtam az \u0151r\u00fclteket<br \/>\n\u00e9s a kuty\u00e1kat is megk\u00f6t\u00f6ttem..<br \/>\nNa \u00e9s?<br \/>\nGy.<\/p>\n<p style=\"text-align: center;\">Ha lehelsz \u00e9s hoz \u00faj gondolatot szeled,<br \/>\nadd oda k\u00e9rlek, nekik kell hogy \u00e9rezd<br \/>\n\u0150k hisznek \u00e9s m\u00e9g \u00e9lnek is a versben,<br \/>\nszavak \u0151k \u00e9s kezek,<br \/>\nhogy tollad arra menjen&#8230;<br \/>\nGy.<\/p>\n<p style=\"text-align: center;\">Elhangzott sok sz\u00f3 meg vers meg s\u00edr\u00e1s,<br \/>\nEgyebek&#8230;<br \/>\nMind megolvasztott ac\u00e9l pelyhek, ak\u00e1r egy minta,<br \/>\nmintha \u00f3lmot dobott volna v\u00edzbe,<br \/>\nvagy \u00f6ntudattalan tudat-komplexumba.<br \/>\n\u00c9s gy\u0171jti, teszi b\u0151r\u00f6ndb\u0151l b\u0151r\u00f6ndbe,<br \/>\nviszi fel a hegyre,<br \/>\n\u00e9s cipeli \u00e9s megszakad miel\u0151tt valaki \u00e1tvehetn\u00e9 t\u0151le.<br \/>\nGy.<\/p>\n<p style=\"text-align: center;\">Azt s\u00fagt\u00e1k, itt van.<br \/>\nAzt, az \u00e1gak.<br \/>\nOlyan r\u00e9gen v\u00e1r R\u00e1d,<br \/>\nhazudt\u00e1k az \u00e1gak.<br \/>\nMinden olyan b\u00e9k\u00e9s,<br \/>\negyszer\u0171 a v\u00e1gynak.<br \/>\nElhitte \u00e9s meghalt,<br \/>\ndalolt\u00e1k az \u00e1gak.<br \/>\nGy.<\/p>\n<p style=\"text-align: center;\">Tudod, ha eld\u00f6nt\u00f6d, hogy par\u00e1nyi vagy,<br \/>\nmost mi\u00e9rt ostromlod m\u00e9gis d\u00edszes harcszek\u00e9ren azt,<br \/>\nmit m\u00e9g egy \u00f3ri\u00e1snak sem szabad ??<br \/>\nGy.<\/p>\n<p style=\"text-align: center;\">Elt\u0171n\u0151dni olykor l\u00e9tek furcsa t\u00e9ny\u00e9n,<br \/>\nahogy a nyugv\u00f3 Nap r\u00e9ved v\u00e1gtat\u00f3 l\u00f3 hull\u00e1ms\u00f6r\u00e9ny\u00e9n&#8230;<br \/>\nGy.<\/p>\n<p style=\"text-align: center;\">Sarokba b\u00fajt dagadt k\u00e9tely,<br \/>\ntenyer\u00e9t keni k\u00f6nnyes fest\u00e9ken<br \/>\n\u00e9s neh\u00e9z l\u00e9p\u00e9sek h\u00e1t\u00e1t csiszolj\u00e1k<br \/>\nahogy dobog\u00f3 izzadt sz\u00edvet r\u00e1nt a m\u00e9lyb\u0151l,<br \/>\nhogy vacsor\u00e1d v\u00e9g\u00fcl, mint kih\u0171lt csontmaradv\u00e1nyok,<br \/>\npill\u00e9rezhess\u00e9k neh\u00e9zkes \u00e1lmaid&#8230;<br \/>\nGy.<\/p>\n<p style=\"text-align: center;\">Mondhatjuk tal\u00e1n:<br \/>\nEgyszer Napunk fal\u00e1n<br \/>\nn\u0151 majd egy bokor,<br \/>\nMit egy N\u0151 ledorongol.<br \/>\nE napunk ut\u00e1n<br \/>\nMondhatjuk, tal\u00e1n&#8230;<br \/>\nGy.<\/p>\n<p style=\"text-align: center;\">R\u00e1nc a f\u00e1n sejtet<br \/>\nId\u0151-\u00e1ram k\u00f6nnyet<br \/>\nS csak az es\u0151 az<br \/>\nMi k\u00e9rges testet penget<br \/>\n\u00c9s haszontalan<br \/>\nminden par\u00e1nyi<br \/>\nEszm\u00e9letlen sejtet<br \/>\n\u00fajragener\u00e1lni<br \/>\nGy.<\/p>\n<p style=\"text-align: center;\">Megtanultan l\u00f6k a sz\u00e9l<br \/>\ntudat p\u00e1ly\u00e1n hisz bennem<br \/>\ntanulm\u00e1ny-ember \u00e1tka<br \/>\nhajlik f\u00f6l\u00e9m<br \/>\nmi\u00e9rt nem sz\u00f3ltak, hogy ez lehetetlen?<br \/>\nGy.<\/p>\n<p style=\"text-align: center;\">Holdh\u00e1l\u00f3 fesz\u00fcl majdan k\u00f6nnyes szemhez,<br \/>\nde m\u00e9g nem sejtve semmit remeg minden benned,<br \/>\n\u00e9letet adunk \u00e9s mosolyt lopunk k\u00f6zben<br \/>\nm\u00faltt\u00e1 fonnyadunk a gerebly\u00e9zett f\u00f6ldben&#8230;<br \/>\nCsak \u00e9nekel a sz\u00e9l ahogy f\u00fcty\u00f6r\u00e9szek mert<br \/>\nnagyon f\u00e1j &#8211; hidd el &#8211; eml\u00e9kekre d\u0151lt alakod.<br \/>\nGy.<\/p>\n<p style=\"text-align: right;\">[totop]<\/p>\n","protected":false},"excerpt":{"rendered":"<p>A Hork\u00e1k Auer G\u00e1bor \u00e9s R\u00e1cz Gyula &#8222;horkant\u00e1saib\u00f3l&#8221; gy\u0171ltek \u00f6ssze, hossz\u00fa hossz\u00fa \u00e9vek kem\u00e9ny munk\u00e1j\u00e1nak gy\u00fcm\u00f6lcsek\u00e9nt, \u00e9s m\u00e9g mostan\u00e1ban is&#8230; Ahonnan j\u00f6tt\u00fcnk Oda jutunk majd el Nincsen id\u0151 \u00e9s nincs is igazi c\u00e9l Megl\u00e1tod majd ha \u00f6sszeb\u00fajunk Hogy milyen sz\u00e9p is ez Milyen igaz is egyben, Nincsen f\u00e9nyem Nem &#8222;vil\u00e1gszom&#8221; Nem is b\u00e1nom Nem is &hellip; <a href=\"https:\/\/www.pocox.hu\/pocox\/horkak\/\" class=\"more-link\"><span class=\"screen-reader-text\">Hork\u00e1k<\/span> b\u0151vebben&#8230; <span class=\"meta-nav\">&rarr;<\/span><\/a><\/p>\n","protected":false},"author":1,"featured_media":0,"parent":0,"menu_order":6,"comment_status":"closed","ping_status":"closed","template":"","meta":{"footnotes":""},"class_list":["post-2117","page","type-page","status-publish","hentry"],"_links":{"self":[{"href":"https:\/\/www.pocox.hu\/pocox\/wp-json\/wp\/v2\/pages\/2117","targetHints":{"allow":["GET"]}}],"collection":[{"href":"https:\/\/www.pocox.hu\/pocox\/wp-json\/wp\/v2\/pages"}],"about":[{"href":"https:\/\/www.pocox.hu\/pocox\/wp-json\/wp\/v2\/types\/page"}],"author":[{"embeddable":true,"href":"https:\/\/www.pocox.hu\/pocox\/wp-json\/wp\/v2\/users\/1"}],"replies":[{"embeddable":true,"href":"https:\/\/www.pocox.hu\/pocox\/wp-json\/wp\/v2\/comments?post=2117"}],"version-history":[{"count":4,"href":"https:\/\/www.pocox.hu\/pocox\/wp-json\/wp\/v2\/pages\/2117\/revisions"}],"predecessor-version":[{"id":2283,"href":"https:\/\/www.pocox.hu\/pocox\/wp-json\/wp\/v2\/pages\/2117\/revisions\/2283"}],"wp:attachment":[{"href":"https:\/\/www.pocox.hu\/pocox\/wp-json\/wp\/v2\/media?parent=2117"}],"curies":[{"name":"wp","href":"https:\/\/api.w.org\/{rel}","templated":true}]}}