{"id":1716,"date":"2010-12-17T13:13:55","date_gmt":"2010-12-17T12:13:55","guid":{"rendered":"http:\/\/www.pocox.hu\/pocox\/"},"modified":"2019-05-23T11:17:08","modified_gmt":"2019-05-23T09:17:08","slug":"buliriportok-2","status":"publish","type":"page","link":"https:\/\/www.pocox.hu\/pocox\/buliriportok-2\/","title":{"rendered":"Buliriportok"},"content":{"rendered":"<p><a href=\"http:\/\/www.pocox.hu\/pocox\/wp-content\/uploads\/riportbanner.jpg\"><img loading=\"lazy\" decoding=\"async\" class=\"alignnone size-full wp-image-253\" title=\"riportbanner\" src=\"http:\/\/www.pocox.hu\/pocox\/wp-content\/uploads\/riportbanner.jpg\" alt=\"\" width=\"737\" height=\"395\"\/><\/a><\/p>\n<p><a href=\"http:\/\/www.pocox.hu\/pocox\/buliriportok-2\/2001-2\/\" target=\"_self\" rel=\"noopener noreferrer\">2001<\/a><\/p>\n<p><a href=\"http:\/\/www.pocox.hu\/pocox\/buliriportok-2\/2002-januar-majus\/\" target=\"_self\" rel=\"noopener noreferrer\">2002 Janu\u00e1r &#8211; M\u00e1jus<\/a><\/p>\n<p><a href=\"http:\/\/www.pocox.hu\/pocox\/buliriportok-2\/2002-junius-december\/\" target=\"_self\" rel=\"noopener noreferrer\">2002 J\u00fanius &#8211; December<\/a><\/p>\n<p><a href=\"http:\/\/www.pocox.hu\/pocox\/buliriportok-2\/2003-januar-majus\/\" target=\"_self\" rel=\"noopener noreferrer\">2003 Janu\u00e1r &#8211; M\u00e1jus<\/a><\/p>\n<p><a href=\"http:\/\/www.pocox.hu\/pocox\/buliriportok-2\/2003-junius-december\/\" target=\"_self\" rel=\"noopener noreferrer\">2003 J\u00fanius &#8211; December<\/a><\/p>\n<p><a href=\"http:\/\/www.pocox.hu\/pocox\/buliriportok-2\/2004-2\/\" target=\"_self\" rel=\"noopener noreferrer\">2004<\/a><\/p>\n","protected":false},"excerpt":{"rendered":"<p>2001 2002 Janu\u00e1r &#8211; M\u00e1jus 2002 J\u00fanius &#8211; December 2003 Janu\u00e1r &#8211; M\u00e1jus 2003 J\u00fanius &#8211; December 2004<\/p>\n","protected":false},"author":1,"featured_media":0,"parent":0,"menu_order":5,"comment_status":"closed","ping_status":"closed","template":"page-templates\/full-width.php","meta":{"footnotes":""},"class_list":["post-1716","page","type-page","status-publish","hentry"],"_links":{"self":[{"href":"https:\/\/www.pocox.hu\/pocox\/wp-json\/wp\/v2\/pages\/1716","targetHints":{"allow":["GET"]}}],"collection":[{"href":"https:\/\/www.pocox.hu\/pocox\/wp-json\/wp\/v2\/pages"}],"about":[{"href":"https:\/\/www.pocox.hu\/pocox\/wp-json\/wp\/v2\/types\/page"}],"author":[{"embeddable":true,"href":"https:\/\/www.pocox.hu\/pocox\/wp-json\/wp\/v2\/users\/1"}],"replies":[{"embeddable":true,"href":"https:\/\/www.pocox.hu\/pocox\/wp-json\/wp\/v2\/comments?post=1716"}],"version-history":[{"count":17,"href":"https:\/\/www.pocox.hu\/pocox\/wp-json\/wp\/v2\/pages\/1716\/revisions"}],"predecessor-version":[{"id":3044,"href":"https:\/\/www.pocox.hu\/pocox\/wp-json\/wp\/v2\/pages\/1716\/revisions\/3044"}],"wp:attachment":[{"href":"https:\/\/www.pocox.hu\/pocox\/wp-json\/wp\/v2\/media?parent=1716"}],"curies":[{"name":"wp","href":"https:\/\/api.w.org\/{rel}","templated":true}]}}